{"id":422,"date":"2018-10-31T09:59:08","date_gmt":"2018-10-31T09:59:08","guid":{"rendered":"https:\/\/estreladegaia.pt\/politica-de-privacidade\/"},"modified":"2021-01-08T12:03:35","modified_gmt":"2021-01-08T12:03:35","slug":"politique-de-confidentialite","status":"publish","type":"page","link":"https:\/\/estreladegaia.pt\/fr\/politique-de-confidentialite\/","title":{"rendered":"Politique de Confidentialit\u00e9"},"content":{"rendered":"<h3><strong>Quem somos<\/strong><\/h3>\n<p>MARTINS E MELOT LDA, Rua da igreja 765 Alvaraes 4905-205, NIPC 514332883, RNAL n.\u00ba103207\/AL.<\/p>\n<p>Cette politique de confidentialit\u00e9 s&rsquo;applique \u00e0 ce site Web.<\/p>\n<p>Ainsi, nous voulons faire conna\u00eetre aux clients \/ utilisateurs les r\u00e8gles g\u00e9n\u00e9rales relatives au traitement des donn\u00e9es \u00e0 caract\u00e8re personnel, qui sont collect\u00e9es et trait\u00e9es dans le strict respect des dispositions de la l\u00e9gislation sur la protection des donn\u00e9es \u00e0 caract\u00e8re personnel en vigueur \u00e0 tout moment, \u00e0 savoir le r\u00e8glement (UE) 2016\/679 du Parlement europ\u00e9en et du Conseil du 27 avril 2016 (\u00ab RGPD \u00bb).<\/p>\n<p>Notre site Web peut contenir des liens hypertextes vers d&rsquo;autres pages dont nous ne sommes pas responsables. Vous devez consulter leurs politiques de confidentialit\u00e9 respectives.<\/p>\n<p>Notre soci\u00e9t\u00e9 respecte votre vie priv\u00e9e et traite vos donn\u00e9es \u00e0 caract\u00e8re personnel conform\u00e9ment aux lois en vigueur. Les donn\u00e9es ne seront trait\u00e9es qu&rsquo;aux fins sp\u00e9cifi\u00e9es dans les pr\u00e9sentes. Nous nous r\u00e9servons le droit de mettre \u00e0 jour ou de modifier la politique de confidentialit\u00e9 \u00e0 tout moment, en particulier pour l&rsquo;adapter aux modifications l\u00e9gislatives.<\/p>\n<h3><strong>\u00c0 quelles fins vos donn\u00e9es \u00e0 caract\u00e8re personnel sont-elles collect\u00e9es ?<\/strong><\/h3>\n<p>Les donn\u00e9es collect\u00e9es sur les formulaires du site Web sont uniquement destin\u00e9es au traitement des demandes d&rsquo;informations et de contact des clients, \u00e0 savoir des donn\u00e9es telles que le nom, l&rsquo;adresse, le num\u00e9ro de t\u00e9l\u00e9phone et l&rsquo;adresse \u00e9lectronique. Elles ne seront utilis\u00e9es \u00e0 aucune autre fin. Ces informations ne sont en aucun cas fournies \u00e0 des tiers, mais ont pour seul but de mieux vous servir. Ces informations ne seront utilis\u00e9es que dans les n\u00e9gociations \/ les contacts que vous \u00e9tablissez.<\/p>\n<h3><strong>Le responsable du traitement des donn\u00e9es est le seul \u00e0 avoir acc\u00e8s \u00e0 vos donn\u00e9es \u00e0 caract\u00e8re personnel.<\/strong><\/h3>\n<p>Notre soci\u00e9t\u00e9 ne fournit aucune donn\u00e9e \u00e0 caract\u00e8re personnel relative \u00e0 de ses clients et utilisateurs \u00e0 des tiers, sans leur consentement, sauf, le cas \u00e9ch\u00e9ant, afin de se conformer \u00e0 une obligation l\u00e9gale. Le traitement de vos donn\u00e9es \u00e0 caract\u00e8re personnel est de notre responsabilit\u00e9.<\/p>\n<p>Si la personne concern\u00e9e doit contacter le responsable du traitement, elle peut le faire par les moyens et coordonn\u00e9es ci-dessous :<\/p>\n<p>Via l&rsquo;espace client<br \/>\nEn envoyant un email \u00e0 <a href=\"mailto:info@estreladegaia.pt\">info@estreladegaia.pt<\/a><\/p>\n<h3><strong>Comment les donn\u00e9es de l&rsquo;utilisateur sont-elles stock\u00e9es ?<\/strong><\/h3>\n<p>Les donn\u00e9es de nos clients et utilisateurs sont automatiquement stock\u00e9es sur un serveur s\u00e9curis\u00e9 situ\u00e9 au Portugal et dans des bases de donn\u00e9es sp\u00e9cifiques cr\u00e9\u00e9es \u00e0 cet effet. Ces serveurs sont prot\u00e9g\u00e9s et maintenus conform\u00e9ment aux normes de s\u00e9curit\u00e9 les plus strictes et aux lois sur la protection de la vie priv\u00e9e en vigueur. Si vous souhaitez \u00eatre supprim\u00e9 de notre base de donn\u00e9es, vous pouvez exercer ce droit en nous contactant par les diff\u00e9rents moyens disponibles sur www.estreladegaia.pt<\/p>\n<h3><strong>Combien de temps conservons-nous vos donn\u00e9es \u00e0 caract\u00e8re personnel ?<\/strong><\/h3>\n<p>La dur\u00e9e de stockage et de conservation des donn\u00e9es \u00e0 caract\u00e8re personnel varie en fonction de la finalit\u00e9 pour laquelle les informations sont trait\u00e9es. Dans le respect des exigences l\u00e9gales, les donn\u00e9es ne seront stock\u00e9es et conserv\u00e9es que pendant la p\u00e9riode minimale n\u00e9cessaire \u00e0 la poursuite des finalit\u00e9s qui ont motiv\u00e9 leur collecte ou leur traitement ult\u00e9rieur, tel que d\u00e9fini par la loi.<\/p>\n<h3><strong>Quels sont les droits du client \/ utilisateur ?<\/strong><\/h3>\n<p>En tant que personnes concern\u00e9es, les clients \/ utilisateurs b\u00e9n\u00e9ficient \u00e0 tout moment du droit d&rsquo;acc\u00e8s, de rectification, de mise \u00e0 jour, de limitation et de suppression de leurs donn\u00e9es \u00e0 caract\u00e8re personnel (sauf lorsque celles-ci sont indispensables \u00e0 la prestation de services et au respect des obligations l\u00e9gales), ainsi que du droit de s&rsquo;opposer \u00e0 leur utilisation \u00e0 des fins commerciales et de retirer leur consentement et du droit \u00e0 la portabilit\u00e9 des donn\u00e9es.<\/p>\n<h3><strong>Comment pouvez-vous acc\u00e9der, rectifier, mettre \u00e0 jour, limiter, supprimer, vous opposer au traitement de vos donn\u00e9es \u00e0 caract\u00e8re personnel ou retirer votre consentement ?<\/strong><\/h3>\n<p>Dans le respect du RGPD, la personne concern\u00e9e peut le faire,<\/p>\n<p>directement sur la page du client (mon compte) ou<br \/>\nsur demande \u00e9crite \u00e0 l&#8217;email <a href=\"mailto:info@estreladegaia.pt\">info@estreladegaia.pt<\/a><br \/>\nsur la page du <strong><u>RGPD<\/u><\/strong><\/p>\n<h3><strong>Comment utilisons-nous les cookies ?<\/strong><\/h3>\n<p>Les cookies sont de petits fichiers texte pouvant \u00eatre stock\u00e9s sur votre ordinateur via un navigateur Web pour vous reconna\u00eetre en tant qu&rsquo;utilisateur gr\u00e2ce aux informations li\u00e9es \u00e0 vos pr\u00e9f\u00e9rences. Les cookies ne retiennent pas vos donn\u00e9es \u00e0 caract\u00e8re personnel. Ils stockent des informations g\u00e9n\u00e9riques, telles que le mode ou le lieu \/ pays d&rsquo;acc\u00e8s des utilisateurs et la mani\u00e8re dont ils utilisent les sites, entre autres. Les cookies ne retiennent que les informations li\u00e9es \u00e0 vos pr\u00e9f\u00e9rences.<\/p>\n<p>&nbsp;<\/p>\n<table class=\"table-responsive cookies-table\">\n<tbody>\n<tr>\n<td>\n<div>Id. Cookie<\/div>\n<\/td>\n<td>\n<div>Storage<\/div>\n<\/td>\n<td>\n<div>Retention Period<\/div>\n<\/td>\n<td>\n<div>Goal<\/div>\n<\/td>\n<\/tr>\n<tr>\n<td>\n<div>cookieConsent<\/div>\n<\/td>\n<td>\n<div>cookie<\/div>\n<\/td>\n<td>\n<div>1 year<\/div>\n<\/td>\n<td>\n<div>Save cookie preferences<\/div>\n<\/td>\n<\/tr>\n<tr>\n<td>\n<div>_ga<\/div>\n<\/td>\n<td>\n<div>cookie<\/div>\n<\/td>\n<td>\n<div>2 years<\/div>\n<\/td>\n<td>\n<div>Used to distinguish users<\/div>\n<\/td>\n<\/tr>\n<tr>\n<td>\n<div>_gid<\/div>\n<\/td>\n<td>\n<div>cookie<\/div>\n<\/td>\n<td>\n<div>24 hours<\/div>\n<\/td>\n<td>\n<div>Used to distinguish users<\/div>\n<\/td>\n<\/tr>\n<tr>\n<td>\n<div>_gat<\/div>\n<\/td>\n<td>\n<div>cookie<\/div>\n<\/td>\n<td>\n<div>1 minute<\/div>\n<\/td>\n<td>\n<div>Used to control the request rate<\/div>\n<\/td>\n<\/tr>\n<tr>\n<td>\n<div>wp-wpml_current_language<\/div>\n<\/td>\n<td>\n<div>cookie<\/div>\n<\/td>\n<td>\n<div>24 hours<\/div>\n<\/td>\n<td>\n<div>Saves the current language<\/div>\n<\/td>\n<\/tr>\n<tr>\n<td>\n<div>wp-wpml_current_admin_language_{hash}<\/div>\n<\/td>\n<td>\n<div>cookie<\/div>\n<\/td>\n<td>\n<div>24 hours<\/div>\n<\/td>\n<td>\n<div>Saves the current language of the WordPress admin area.<\/div>\n<\/td>\n<\/tr>\n<\/tbody>\n<\/table>\n","protected":false},"excerpt":{"rendered":"<p>Quem somos MARTINS E MELOT LDA, Rua da igreja 765 Alvaraes 4905-205, NIPC 514332883, RNAL n.\u00ba103207\/AL. Cette politique de confidentialit\u00e9 s&rsquo;applique \u00e0 ce site Web. [&hellip;]<\/p>\n","protected":false},"author":1,"featured_media":563,"parent":0,"menu_order":0,"comment_status":"closed","ping_status":"closed","template":"template-politica.php","meta":{"footnotes":""},"class_list":["post-422","page","type-page","status-publish","has-post-thumbnail","hentry"],"_links":{"self":[{"href":"https:\/\/estreladegaia.pt\/fr\/wp-json\/wp\/v2\/pages\/422","targetHints":{"allow":["GET"]}}],"collection":[{"href":"https:\/\/estreladegaia.pt\/fr\/wp-json\/wp\/v2\/pages"}],"about":[{"href":"https:\/\/estreladegaia.pt\/fr\/wp-json\/wp\/v2\/types\/page"}],"author":[{"embeddable":true,"href":"https:\/\/estreladegaia.pt\/fr\/wp-json\/wp\/v2\/users\/1"}],"replies":[{"embeddable":true,"href":"https:\/\/estreladegaia.pt\/fr\/wp-json\/wp\/v2\/comments?post=422"}],"version-history":[{"count":6,"href":"https:\/\/estreladegaia.pt\/fr\/wp-json\/wp\/v2\/pages\/422\/revisions"}],"predecessor-version":[{"id":702,"href":"https:\/\/estreladegaia.pt\/fr\/wp-json\/wp\/v2\/pages\/422\/revisions\/702"}],"wp:featuredmedia":[{"embeddable":true,"href":"https:\/\/estreladegaia.pt\/fr\/wp-json\/wp\/v2\/media\/563"}],"wp:attachment":[{"href":"https:\/\/estreladegaia.pt\/fr\/wp-json\/wp\/v2\/media?parent=422"}],"curies":[{"name":"wp","href":"https:\/\/api.w.org\/{rel}","templated":true}]}}