{"id":383,"date":"2019-06-27T16:23:32","date_gmt":"2019-06-27T16:23:32","guid":{"rendered":"https:\/\/estreladegaia.pt\/?page_id=383"},"modified":"2020-04-07T18:52:00","modified_gmt":"2020-04-07T18:52:00","slug":"presentation","status":"publish","type":"page","link":"https:\/\/estreladegaia.pt\/fr\/presentation\/","title":{"rendered":"Pr\u00e9sentation"},"content":{"rendered":"<p>Id\u00e9alement situ\u00e9 dans le coeur historique des \u00abCais de Gaia\u00bb, au milieu des caves de Porto, \u00e0 100 m\u00e8tres du Douro, vous pourrez ais\u00e9ment rayonner et acc\u00e9der \u00e0 toutes les ressources que vous offrent les villes de Porto et Gaia tout en vous reposant dans ce quartier tranquille.<\/p>\n<p>La r\u00e9novation d\u2019un immeuble sur 4 niveaux a veill\u00e9 \u00e0 pr\u00e9server son caract\u00e8re ancien, tout en profitant d\u2019\u00e9quipements modernes et d\u2019un ascenseur permettant l\u2019acc\u00e8s \u00e0 chaque \u00e9tage.<\/p>\n<p><span style=\"color: #c69c6d;\">Origine d&rsquo;Estrela de Gaia<\/span><\/p>\n<p>Notre projet est n\u00e9 apr\u00e8s avoir parcouru le Chemin de Compostelle.<\/p>\n<p>Deux mois et demi au rythme de nos pas nous ont permis de profiter pleinement de ce qui nous anime: la d\u00e9couverte, la rencontre et le partage.<\/p>\n<p>Accueillir les voyageurs \u00e0 Porto s\u2019est inscrit naturellement dans la continuit\u00e9 de ce Chemin.<\/p>\n<p>Pour Jorge, globe trotter, c\u2019est un retour aux sources dans sa ville natale.<br \/>\nPour Patricia, apr\u00e8s de nombreuses ann\u00e9es dans la belle \u00eele de la R\u00e9union, un nouvel et beau d\u00e9cor dans une cit\u00e9 pleine de charme.<\/p>\n<p>Ainsi, nous avons \u00e9lu domicile juste de l\u2019autre cot\u00e9 du Douro, \u00e0 Vila Nova de Gaia, d\u2019o\u00f9 nous pouvons contempler la ville de Porto.<\/p>\n<p>Quels que soient vos objectifs et vos passions, que vous soyez sportifs, intellectuels, artistes, ou tout \u00e0 la fois, Porto et Gaia sont d une exceptionnelle richesse!<\/p>\n<p>Nous souhaitons que, touch\u00e9s par l\u2019\u00e2me \u00ab\u00a0portuense\u00a0\u00bb comme nous l\u2019avons \u00e9t\u00e9, vous soyez s\u00e9duits par ces lieux.<\/p>\n<p>De la vie quotidienne aux \u00e9v\u00e9nements ponctuels, de la gastronomie \u00e0 la musique, de l\u2019architecture aux jardins urbains, les facettes sont multiples.<\/p>\n<p>Jorge, avec son regard de photographe, vous fera d\u00e9couvrir avec enthousiasme les habitants, la culture et les subtilit\u00e9s du Portugal, afin que vous savouriez au mieux votre s\u00e9jour.<\/p>\n<p><span style=\"color: #c69c6d;\">Voyageurs, touristes ou p\u00e8lerins, soyez les bienvenus \u00e0 Estrela de Gaia!<\/span><\/p>\n","protected":false},"excerpt":{"rendered":"<p>Id\u00e9alement situ\u00e9 dans le coeur historique des \u00abCais de Gaia\u00bb, au milieu des caves de Porto, \u00e0 100 m\u00e8tres du Douro, vous pourrez ais\u00e9ment rayonner [&hellip;]<\/p>\n","protected":false},"author":1,"featured_media":287,"parent":0,"menu_order":0,"comment_status":"closed","ping_status":"closed","template":"template-apresentacao.php","meta":{"footnotes":""},"class_list":["post-383","page","type-page","status-publish","has-post-thumbnail","hentry"],"_links":{"self":[{"href":"https:\/\/estreladegaia.pt\/fr\/wp-json\/wp\/v2\/pages\/383","targetHints":{"allow":["GET"]}}],"collection":[{"href":"https:\/\/estreladegaia.pt\/fr\/wp-json\/wp\/v2\/pages"}],"about":[{"href":"https:\/\/estreladegaia.pt\/fr\/wp-json\/wp\/v2\/types\/page"}],"author":[{"embeddable":true,"href":"https:\/\/estreladegaia.pt\/fr\/wp-json\/wp\/v2\/users\/1"}],"replies":[{"embeddable":true,"href":"https:\/\/estreladegaia.pt\/fr\/wp-json\/wp\/v2\/comments?post=383"}],"version-history":[{"count":19,"href":"https:\/\/estreladegaia.pt\/fr\/wp-json\/wp\/v2\/pages\/383\/revisions"}],"predecessor-version":[{"id":612,"href":"https:\/\/estreladegaia.pt\/fr\/wp-json\/wp\/v2\/pages\/383\/revisions\/612"}],"wp:featuredmedia":[{"embeddable":true,"href":"https:\/\/estreladegaia.pt\/fr\/wp-json\/wp\/v2\/media\/287"}],"wp:attachment":[{"href":"https:\/\/estreladegaia.pt\/fr\/wp-json\/wp\/v2\/media?parent=383"}],"curies":[{"name":"wp","href":"https:\/\/api.w.org\/{rel}","templated":true}]}}